{"id":23452,"date":"2020-03-26T18:29:19","date_gmt":"2020-03-26T16:29:19","guid":{"rendered":"https:\/\/www.kaspersky.de\/blog\/?page_id=23452"},"modified":"2022-05-05T18:05:39","modified_gmt":"2022-05-05T16:05:39","slug":"ki","status":"publish","type":"page","link":"https:\/\/www.kaspersky.de\/blog\/ki\/","title":{"rendered":"Generation KI"},"content":{"rendered":"<style>#main .full-width h1, #main .full-width h3, #main .full-width h2  {color:white;font-weight: 600;}#main .full-width h1  {font-weight: 600;}#main .full-width h3  {font-weight: 300;}#container { margin-top: 0;}#main { background: white; font-family: MuseoSans,Roboto,Droid Sans,Arial,sans-serif; font-size: 1.125rem; margin: 0; width: 100% !important;}#main * { box-sizing: border-box; line-height: 150%;}#main p { font-size: 22px;}#main a { color: #fff;}#main .container { max-width: 1030px; margin: auto;}#main .full-width { padding: 80px; margin: 40px 0; min-height: 600px; display: flex; justify-content: center; flex-direction: column;}#main .lead-row { margin-top: 0; text-align: center; background: linear-gradient(rgba(0, 109, 92, 0.6), rgba(0, 109, 92, 0.6)), url(https:\/\/media.kasperskydaily.com\/wp-content\/uploads\/sites\/96\/2020\/04\/06101035\/Background_pattern.jpg); background-position-y: 25%; background-size: cover; color: white; font-size: 1.5em;}#main h1 { margin-bottom: 60px; font-size: 3em;}#main h2 { font-size: 2em;}#main h1,#main h2 { text-align: center;}#main img { max-width: 100%; margin: 3rem 0;}#main .video-block .thumb-wrap { position: relative; padding-bottom: 56.25%; height: 0; overflow: hidden; margin: 3rem 0; width: 100%;}#main .video-block .thumb-wrap iframe { margin: 0; position: absolute; top: 0; left: 0; width: 100%; height: 100%;}#main .how-to-list { color: white; background: url(https:\/\/media.kasperskydaily.com\/wp-content\/uploads\/sites\/96\/2020\/04\/06104315\/B2C-pattern.jpg); background-size: cover;}#main .how-to-list ul { display: grid; grid-gap: 25px; grid-template-columns: repeat(auto-fit, minmax(270px, 1fr)); margin: 0!important; margin-top: 40px!important; list-style: none; padding: 0;}#main .how-to-list ul li { display: block; border: 2px solid white; text-align: center; margin: 0; padding: 0; font-size: 22px;}#main .how-to-list ul li:before { content: none; opacity: 0;}#main .how-to-list ul li a { color: white; text-decoration: none; width: 100%; height: 100%; display: block; padding: 80px 40px; box-sizing: border-box;}#main .how-to-list ul li a:before { content: \"\"; display: block; width: 65px; height: 65px; margin: 20px auto; background: url(https:\/\/media.kasperskydaily.com\/wp-content\/uploads\/sites\/92\/2019\/05\/30064756\/download-pdf-icon1.png); background-size: contain; transition: 300ms; opacity: 0.75;}#main .how-to-list ul li a:hover:before { opacity: 1;}#main .how-to-list ul li:hover { background: rgba(255, 255, 255, 0.15);}#main .subsribe-text { display: flex; align-items: center;}#main .subsribe-text .logo-text { float: left; display: block; text-transform: uppercase; background: #ed2939; font-size: 18px; font-family: MuseoSans,Roboto,Droid Sans,Arial,sans-serif; font-weight: 900; padding: 1px 2px 0 1px; margin-right: 10px; color: #fff;}#main .subsribe-text .fa-twitter { color: white; background: #55acee; padding: 5px; margin-right: 10px; width: 28px; height: 28px; font-size: 20px; display: flex; align-items: center;}@media (max-width: 992px) { #main .full-width { min-height: 100vh; padding: 0; } #main .container { padding: 20px; } #main h1 { font-size: 2em; } #main h2 { text-align: left; } #main h3 { font-size: 1em; font-weight: normal; } #main h1, #main h2, #main h3 { margin: 1rem 0 !important; text-align: left; } #main .lead-row { margin-bottom: 0; }} .how-to-button{margin-top:1em;border: 2px solid white; display: inline-block; padding: 10px 70px;max-width:100%;color:white!important;}.how-to-button:hover{text-decoration:none!important;background:#ffffff50}.nocursor {cursor: default;}<\/style>\n<div id=\"main1\">\n<div class=\"lead-row full-width\">\n<div class=\"container\">\n<h1>Generation KI<\/h1>\n<h3>Was wei\u00df sie \u00fcber K\u00fcnstliche Intelligenz (KI)?<br>Was erwartet und erhofft sie sich?<\/h3>\n<h3> Ein Stimmungsbild der Menschen in Deutschland<br>unter 31 Jahren<\/h3>\n<h3><a href=\"#how-to\" target=\"_blank\" class=\"how-to-button\" style=\"color:white!important\" rel=\"noopener noreferrer\">Kurzreports<\/a><\/h3>\n<\/div>\n<\/div>\n<div class=\"container\">\n<p>Ob Maschinen, Computer oder Software-Programme \u2013 bereits heute ist unser privates und berufliches Leben mehr von Machine Learning und K\u00fcnstlicher Intelligenz (KI) gepr\u00e4gt als gemeinl\u00e4ufig wahrgenommen. Was passiert, wenn wir es in Zukunft zunehmend mit \u201estarker\u201c KI zu tun haben werden \u2013 also mit Systemen, die dem menschlichen Verstand und der Lernf\u00e4higkeit oder Probleml\u00f6sungskompetenz von Menschen immer n\u00e4herkommen? Welche Auswirkungen wird dies auf die Interaktion von Mensch und Maschine haben? Und vor allem: Wie k\u00f6nnen wir diese Zukunftstechnologie f\u00fcr alle sicher, datenschutzkonform, transparent und akzeptiert zum Wohle der Menschheit nutzbar machen? <\/p>\n<div class=\"video-block\">\n<div class=\"thumb-wrap\"> <iframe loading=\"lazy\" width=\"560\" height=\"315\" src=\"https:\/\/www.youtube.com\/embed\/M7-tNa2NiXc\" frameborder=\"0\" allow=\"accelerometer; autoplay; encrypted-media; gyroscope; picture-in-picture\" allowfullscreen><\/iframe> <\/div>\n<\/div>\n<h2>Bauchgef\u00fchl oder Fakten-basiert?<\/h2>\n<p>Das Wissen \u00fcber KI der Generation KI, also der 16- bis 31-J\u00e4hrigen, beruht mehrheitlich eher auf dem eigenen Bauchgef\u00fchl und auf Emotionen als auf Fakten und detailliertem Wissen. W\u00e4hrend die m\u00e4nnlichen Befragten zum faktenbasierten Wissen neigen (knapp 35 Prozent), sind die weiblichen Befragten der Meinung aus dem Bauchgef\u00fchl (38 Prozent) heraus \u00fcber KI Bescheid zu wissen. <\/p>\n<p> <img decoding=\"async\" src=\"https:\/\/media.kasperskydaily.com\/wp-content\/uploads\/sites\/96\/2020\/04\/06102001\/Infografiken_KI_1_0204.jpg\" alt=\"\" class=\"aligncenter size-full wp-image-23463\"> <\/p><\/div>\n<div class=\"how-to-list full-width\">\n<div id=\"how-to\" class=\"container\">\n<h2>KI und \u2026<\/h2>\n<p>Die hier folgenden Kurzreports besch\u00e4ftigen sich mit KI in verschiedenen Lebensbereichen und sind thematisch gegliedert. In ihnen werden die Erwartungen, Hoffnungen und Zweifel der Generation KI aufgezeigt und Zukunftsszenarien entworfen.<\/p>\n<p style=\"font-style: italic; font-size: 18px;\"><b>Hinweis f\u00fcr Journalisten:<\/b> Basis der Kurzreports ist eine im Februar 2020 durchgef\u00fchrte Kaspersky-Befragung unter 1.000 jungen Menschen in Deutschland. Die Kurzreports werden sukzessive im Laufe des Jahres ver\u00f6ffentlicht. Journalisten, die bereits vorab an den Ergebnissen der kompletten Umfrage interessiert sind, k\u00f6nnen diese bei <a href=\"mailto:kaspersky_de@berkeleypr.com\" target=\"_blank\" rel=\"nofollow noopener noreferrer\">kaspersky_de@berkeleypr.com<\/a> anfragen.<\/p>\n<ul>\n<li><a href=\"https:\/\/media.kasperskydaily.com\/wp-content\/uploads\/sites\/96\/2020\/04\/06102953\/K_Kurzreport_GenerationKI_1_Nutzung_Wissen_Wahrnehmung_AM20200402.pdf\" target=\"_blank\" rel=\"noopener noreferrer\">Wissen &amp; Nutzung<\/a><\/li>\n<li><a href=\"https:\/\/media.kasperskydaily.com\/wp-content\/uploads\/sites\/96\/2020\/12\/09082955\/K_Kurzreport_GenerationKI_6_Datenschutz-Regulierung-und-Cybersicherheit_final.pdf\" target=\"_blank\" rel=\"noopener noreferrer\">Datenschutz, Regulierung und Cybersicherheit<\/a><\/li>\n<li><a href=\"https:\/\/kas.pr\/4vvg\" target=\"_blank\" rel=\"noopener noreferrer\">Smart Cities &amp; Klimaschutz<\/a><\/li>\n<li><a href=\"https:\/\/media.kasperskydaily.com\/wp-content\/uploads\/sites\/96\/2021\/05\/31160509\/Kaspersky_Report_GenerationKI_7_KI-und-Fussball.pdf\" target=\"_blank\" rel=\"noopener noreferrer\">Fu\u00dfball &amp; KI<br><\/a><\/li>\n<li><a href=\"https:\/\/media.kasperskydaily.com\/wp-content\/uploads\/sites\/96\/2020\/07\/20195506\/Kaspersky_Report_GenerationKI_3_Liebe-und-Privatleben.pdf\" target=\"_blank\" rel=\"noopener noreferrer\">Liebe &amp; Privatleben<\/a><\/li>\n<li><a href=\"https:\/\/media.kasperskydaily.com\/wp-content\/uploads\/sites\/96\/2020\/09\/07085315\/K_Kurzreport_GenerationKI_5_Neue_Jobwelt_final-1.pdf\" target=\"_blank\" rel=\"noopener noreferrer\">Neue Jobwelten<\/a><\/li>\n<li><a href=\"https:\/\/media.kasperskydaily.com\/wp-content\/uploads\/sites\/96\/2020\/10\/30131733\/K_Kurzreport_GenerationKI_5_KI-und-die-Zukunft_final.pdf\" target=\"_blank\" rel=\"noopener noreferrer\">Auswirkungen auf die Zukunft<\/a><\/li>\n<li><a href=\"https:\/\/media.kasperskydaily.com\/wp-content\/uploads\/sites\/96\/2021\/05\/31160516\/Kaspersky_Report_KI-und-Arbeit_2021_layout_final.pdf\" target=\"_blank\" rel=\"noopener noreferrer\">Arbeitsplatz der Zukunft<\/a><\/li>\n<\/ul><\/div>\n<\/div>\n<div class=\"container\">\n<h2>Wunschvorstellung oder Horrorszenario?<\/h2>\n<p> Die 16- bis 30-J\u00e4hrigen in Deutschland zeigen sich K\u00fcnstlicher Intelligenz gegen\u00fcber \u00fcberwiegend positiv eingestellt. Wobei M\u00e4nner signifikant h\u00e4ufiger (47,6 zu 37,9 Prozent) KI mit einer Wunschvorstellung verbinden als Frauen. Auch die Millenials (45 Prozent) sind positiver eingestellt als die Generation Z (39,7 Prozent).<\/p>\n<p> <img loading=\"lazy\" decoding=\"async\" width=\"1417\" height=\"709\" src=\"https:\/\/media.kasperskydaily.com\/wp-content\/uploads\/sites\/96\/2020\/03\/26182559\/Infografiken_KI_2_final.jpg\" alt=\"\" class=\"aligncenter size-full wp-image-23464\"> <\/p>\n<h2>Weiterf\u00fchrende spannende Blogartikel und Informationen<\/h2>\n<p><a href=\"https:\/\/www.kaspersky.de\/blog\/when-ai-decides\/18553\/\" target=\"_blank\" rel=\"noopener noreferrer\" style=\"color: #006d5c;\">Wenn K\u00fcnstliche Intelligenz Menschenleben beeinflusst<\/a><\/p>\n<p><a href=\"https:\/\/www.kaspersky.de\/blog\/kaspersky-next-2019\/20379\/\" target=\"_blank\" rel=\"noopener noreferrer\" style=\"color: #006d5c;\">KI, Geschlechtergleichheit und soziale Robotik<\/a><\/p>\n<p><a href=\"https:\/\/box.kaspersky.com\/d\/384e61b70f784c69a4a3\/files\/?p=\/02%20CONTENT\/TEXTS\/Kaspersky%20Gender%20In%20AI%20Report.pdf\" target=\"_blank\" rel=\"noopener noreferrer nofollow\" style=\"color: #006d5c;\">From science fiction to modern reality: Examining Gender in AI<\/a><\/p>\n<p><a href=\"https:\/\/media.kaspersky.com\/en\/business-security\/enterprise\/machine-learning-cybersecurity-whitepaper.pdf\" target=\"_blank\" rel=\"noopener noreferrer nofollow\" style=\"color: #006d5c;\">AI under Attack: How to Secure Machine Learning in Security Systems<\/a><\/p>\n<\/div>\n<\/div>\n","protected":false},"excerpt":{"rendered":"<p>Generation KI Was wei\u00df sie \u00fcber K\u00fcnstliche Intelligenz (KI)?Was erwartet und erhofft sie sich? Ein Stimmungsbild der Menschen in Deutschlandunter 31 Jahren Kurzreports Ob Maschinen, Computer oder Software-Programme \u2013 bereits<\/p>\n","protected":false},"author":2706,"featured_media":23605,"parent":0,"menu_order":0,"comment_status":"closed","ping_status":"closed","template":"templates\/legacy-page.php","meta":{"_acf_changed":false,"footnotes":""},"categories":[],"class_list":["post-23452","page","type-page","status-publish","has-post-thumbnail"],"hreflang":[{"hreflang":"de","url":"https:\/\/www.kaspersky.de\/blog\/ki\/"}],"acf":[],"banners":"","is_landing":true,"_links":{"self":[{"href":"https:\/\/www.kaspersky.de\/blog\/wp-json\/wp\/v2\/pages\/23452","targetHints":{"allow":["GET"]}}],"collection":[{"href":"https:\/\/www.kaspersky.de\/blog\/wp-json\/wp\/v2\/pages"}],"about":[{"href":"https:\/\/www.kaspersky.de\/blog\/wp-json\/wp\/v2\/types\/page"}],"author":[{"embeddable":true,"href":"https:\/\/www.kaspersky.de\/blog\/wp-json\/wp\/v2\/users\/2706"}],"replies":[{"embeddable":true,"href":"https:\/\/www.kaspersky.de\/blog\/wp-json\/wp\/v2\/comments?post=23452"}],"version-history":[{"count":38,"href":"https:\/\/www.kaspersky.de\/blog\/wp-json\/wp\/v2\/pages\/23452\/revisions"}],"predecessor-version":[{"id":26847,"href":"https:\/\/www.kaspersky.de\/blog\/wp-json\/wp\/v2\/pages\/23452\/revisions\/26847"}],"wp:featuredmedia":[{"embeddable":true,"href":"https:\/\/www.kaspersky.de\/blog\/wp-json\/wp\/v2\/media\/23605"}],"wp:attachment":[{"href":"https:\/\/www.kaspersky.de\/blog\/wp-json\/wp\/v2\/media?parent=23452"}],"wp:term":[{"taxonomy":"category","embeddable":true,"href":"https:\/\/www.kaspersky.de\/blog\/wp-json\/wp\/v2\/categories?post=23452"}],"curies":[{"name":"wp","href":"https:\/\/api.w.org\/{rel}","templated":true}]}}