{"id":23428,"date":"2020-03-25T15:40:48","date_gmt":"2020-03-25T13:40:48","guid":{"rendered":"https:\/\/www.kaspersky.de\/blog\/?page_id=23428"},"modified":"2022-05-05T18:05:43","modified_gmt":"2022-05-05T16:05:43","slug":"work-from-home-custom-page","status":"publish","type":"page","link":"https:\/\/www.kaspersky.de\/blog\/work-from-home-custom-page\/","title":{"rendered":"So arbeiten Sie sicher von zuhause aus"},"content":{"rendered":"<p>Wenn jeder von zuhause aus arbeitet, wird man in puncto IT-Sicherheit leicht nachl\u00e4ssig. Wir erkl\u00e4ren, auf was man achten sollte, damit die Arbeit rund l\u00e4uft.<\/p>\n","protected":false},"excerpt":{"rendered":"<p>Wenn jeder von zuhause aus arbeitet, wird man in puncto IT-Sicherheit leicht nachl\u00e4ssig. Wir erkl\u00e4ren, auf was man achten sollte, damit die Arbeit rund l\u00e4uft.<\/p>\n","protected":false},"author":2706,"featured_media":23429,"parent":0,"menu_order":0,"comment_status":"closed","ping_status":"closed","template":"templates\/custom-page.php","meta":{"_acf_changed":false,"footnotes":""},"categories":[],"class_list":["post-23428","page","type-page","status-publish","has-post-thumbnail"],"hreflang":[{"hreflang":"de","url":"https:\/\/www.kaspersky.de\/blog\/work-from-home-custom-page\/"},{"hreflang":"ar","url":"https:\/\/me.kaspersky.com\/blog\/work-from-home-custom-page\/"},{"hreflang":"es-mx","url":"https:\/\/latam.kaspersky.com\/blog\/work-from-home-custom-page\/"},{"hreflang":"es","url":"https:\/\/www.kaspersky.es\/blog\/work-from-home-custom-page\/"},{"hreflang":"it","url":"https:\/\/www.kaspersky.it\/blog\/work-from-home-custom-page\/"},{"hreflang":"ru","url":"https:\/\/www.kaspersky.ru\/blog\/work-from-home-custom-page\/"},{"hreflang":"tr","url":"https:\/\/www.kaspersky.com.tr\/blog\/work-from-home-custom-page\/"},{"hreflang":"x-default","url":"https:\/\/www.kaspersky.com\/blog\/work-from-home-custom-page\/"},{"hreflang":"fr","url":"https:\/\/www.kaspersky.fr\/blog\/work-from-home-custom-page\/"},{"hreflang":"pt-br","url":"https:\/\/www.kaspersky.com.br\/blog\/work-from-home-custom-page\/"},{"hreflang":"ja","url":"https:\/\/blog.kaspersky.co.jp\/work-from-home-custom-page\/"}],"acf":[],"banners":"","is_landing":true,"_links":{"self":[{"href":"https:\/\/www.kaspersky.de\/blog\/wp-json\/wp\/v2\/pages\/23428","targetHints":{"allow":["GET"]}}],"collection":[{"href":"https:\/\/www.kaspersky.de\/blog\/wp-json\/wp\/v2\/pages"}],"about":[{"href":"https:\/\/www.kaspersky.de\/blog\/wp-json\/wp\/v2\/types\/page"}],"author":[{"embeddable":true,"href":"https:\/\/www.kaspersky.de\/blog\/wp-json\/wp\/v2\/users\/2706"}],"replies":[{"embeddable":true,"href":"https:\/\/www.kaspersky.de\/blog\/wp-json\/wp\/v2\/comments?post=23428"}],"version-history":[{"count":7,"href":"https:\/\/www.kaspersky.de\/blog\/wp-json\/wp\/v2\/pages\/23428\/revisions"}],"predecessor-version":[{"id":23987,"href":"https:\/\/www.kaspersky.de\/blog\/wp-json\/wp\/v2\/pages\/23428\/revisions\/23987"}],"wp:featuredmedia":[{"embeddable":true,"href":"https:\/\/www.kaspersky.de\/blog\/wp-json\/wp\/v2\/media\/23429"}],"wp:attachment":[{"href":"https:\/\/www.kaspersky.de\/blog\/wp-json\/wp\/v2\/media?parent=23428"}],"wp:term":[{"taxonomy":"category","embeddable":true,"href":"https:\/\/www.kaspersky.de\/blog\/wp-json\/wp\/v2\/categories?post=23428"}],"curies":[{"name":"wp","href":"https:\/\/api.w.org\/{rel}","templated":true}]}}